{"id":68,"date":"2025-10-29T12:36:01","date_gmt":"2025-10-29T12:36:01","guid":{"rendered":"https:\/\/alexandre-rocha.com\/?page_id=68"},"modified":"2026-03-27T13:09:55","modified_gmt":"2026-03-27T16:09:55","slug":"cases","status":"publish","type":"page","link":"https:\/\/www.alexandre-rocha.com\/en\/cases\/","title":{"rendered":"Cases"},"content":{"rendered":"<div class=\"wp-block-group alignfull has-global-padding is-layout-constrained wp-block-group-is-layout-constrained\" style=\"padding-top:var(--wp--preset--spacing--40);padding-bottom:var(--wp--preset--spacing--40)\">\n<div class=\"wp-block-group alignwide is-layout-flow wp-container-core-group-is-layout-1765eb9e wp-block-group-is-layout-flow\" style=\"margin-top:0;margin-bottom:0;padding-right:0;padding-left:0\">\n<div class=\"wp-block-columns has-custom-cinza-claro-background-color has-background is-layout-flex wp-container-core-columns-is-layout-7fc3d43a wp-block-columns-is-layout-flex\" style=\"border-radius:16px\">\n<div class=\"wp-block-column is-vertically-aligned-top is-layout-flow wp-block-column-is-layout-flow\" style=\"flex-basis:20%\" data-aos=\"fade\" data-aos-duration=\"950\">\n<figure class=\"wp-block-image size-full is-resized has-custom-border\"><a href=\"https:\/\/www.alexandre-rocha.com\/en\/case-raizen-roxlite\/\"><img loading=\"lazy\" decoding=\"async\" width=\"360\" height=\"270\" src=\"https:\/\/alexandre-rocha.com\/wp-content\/uploads\/2025\/10\/Clientes_Logos_10.png\" alt=\"\" class=\"wp-image-125\" style=\"border-radius:16px;box-shadow:var(--wp--preset--shadow--natural);width:200px\" srcset=\"https:\/\/www.alexandre-rocha.com\/wp-content\/uploads\/2025\/10\/Clientes_Logos_10.png 360w, https:\/\/www.alexandre-rocha.com\/wp-content\/uploads\/2025\/10\/Clientes_Logos_10-300x225.png 300w\" sizes=\"auto, (max-width: 360px) 100vw, 360px\" \/><\/a><\/figure>\n<\/div>\n\n\n\n<div class=\"wp-block-column is-vertically-aligned-top is-layout-flow wp-container-core-column-is-layout-a77db08e wp-block-column-is-layout-flow\" style=\"flex-basis:80%\" data-aos=\"fade-left\" data-aos-duration=\"1000\">\n<div class=\"wp-block-group has-foreground-color has-text-color has-link-color wp-elements-6c72cc9bc30e59f9415ea494b6918603 is-layout-flow wp-container-core-group-is-layout-a3956538 wp-block-group-is-layout-flow\" style=\"padding-right:0;padding-left:0\">\n<h3 class=\"wp-block-heading\">Ra\u00edzen ROXLite<\/h3>\n\n\n\n<p class=\"has-custom-texto-secundaria-color has-text-color has-link-color wp-elements-b7dcf2fd6064f1ff81d57daff7150afd\">I modernized the process of issuing fuel invoices for aerial refueling with Shell. The outdated system gave way to an agile, intuitive, and scalable application, which was successfully implemented in Brazil and Argentina, increasing Ra\u00edzen's operational efficiency.<\/p>\n\n\n\n<div class=\"wp-block-buttons is-layout-flex wp-block-buttons-is-layout-flex\">\n<div class=\"wp-block-button is-style-fill\"><a class=\"wp-block-button__link wp-element-button\" href=\"https:\/\/www.alexandre-rocha.com\/en\/case-raizen-roxlite\/\">Explore case<\/a><\/div>\n<\/div>\n<\/div>\n<\/div>\n<\/div>\n\n\n\n<div class=\"wp-block-columns has-custom-cinza-claro-background-color has-background is-layout-flex wp-container-core-columns-is-layout-7fc3d43a wp-block-columns-is-layout-flex\" style=\"border-radius:16px\">\n<div class=\"wp-block-column is-vertically-aligned-top is-layout-flow wp-block-column-is-layout-flow\" style=\"flex-basis:20%\" data-aos=\"fade\" data-aos-duration=\"1000\">\n<figure class=\"wp-block-image size-full is-resized has-custom-border\"><a href=\"https:\/\/www.alexandre-rocha.com\/en\/case-goldies-saude-integrada\/\"><img loading=\"lazy\" decoding=\"async\" width=\"360\" height=\"270\" src=\"https:\/\/alexandre-rocha.com\/wp-content\/uploads\/2025\/10\/Clientes_Logos_24.png\" alt=\"\" class=\"wp-image-136\" style=\"border-radius:16px;box-shadow:var(--wp--preset--shadow--natural);width:200px\" srcset=\"https:\/\/www.alexandre-rocha.com\/wp-content\/uploads\/2025\/10\/Clientes_Logos_24.png 360w, https:\/\/www.alexandre-rocha.com\/wp-content\/uploads\/2025\/10\/Clientes_Logos_24-300x225.png 300w\" sizes=\"auto, (max-width: 360px) 100vw, 360px\" \/><\/a><\/figure>\n<\/div>\n\n\n\n<div class=\"wp-block-column is-vertically-aligned-top is-layout-flow wp-container-core-column-is-layout-a77db08e wp-block-column-is-layout-flow\" style=\"flex-basis:80%\" data-aos=\"fade-left\" data-aos-duration=\"1000\">\n<div class=\"wp-block-group has-foreground-color has-text-color has-link-color wp-elements-be00651802a2cadcd1d87983392d6802 is-layout-flow wp-container-core-group-is-layout-a3956538 wp-block-group-is-layout-flow\" style=\"padding-right:0;padding-left:0\">\n<h3 class=\"wp-block-heading\">Goldies Sa\u00fade Integrada<\/h3>\n\n\n\n<p class=\"has-custom-texto-secundaria-color has-text-color has-link-color wp-elements-d63b6e5d799806a76c474ccf751462e9\">I improved the quality of life for seniors and their families by creating a digital solution with features designed to transform a complex idea into a simple, functional, and accessible experience, aligned with Goldies' strategic vision.<\/p>\n\n\n\n<div class=\"wp-block-buttons is-layout-flex wp-block-buttons-is-layout-flex\">\n<div class=\"wp-block-button is-style-fill\"><a class=\"wp-block-button__link wp-element-button\" href=\"https:\/\/www.alexandre-rocha.com\/en\/case-goldies-saude-integrada\/\">Explore case<\/a><\/div>\n<\/div>\n<\/div>\n<\/div>\n<\/div>\n<\/div>\n<\/div>","protected":false},"excerpt":{"rendered":"<p>Ra\u00edzen ROXLite Modernizei o processo de emiss\u00e3o de notas fiscais de abastecimento a\u00e9reo com combust\u00edvel Shell. O sistema obsoleto deu lugar a um aplicativo \u00e1gil, intuitivo e escal\u00e1vel, que foi implantado com sucesso no Brasil e na Argentina, ampliando a efici\u00eancia operacional da Ra\u00edzen. Goldies Sa\u00fade Integrada Melhorei a qualidade de vida de idosos e [&hellip;]<\/p>\n","protected":false},"author":1,"featured_media":0,"parent":0,"menu_order":0,"comment_status":"closed","ping_status":"closed","template":"page-with-title","meta":{"footnotes":""},"class_list":["post-68","page","type-page","status-publish","hentry"],"yoast_head":"<!-- This site is optimized with the Yoast SEO plugin v27.2 - https:\/\/yoast.com\/product\/yoast-seo-wordpress\/ -->\n<title>Cases - Como transformei neg\u00f3cios e experi\u00eancias digitais<\/title>\n<meta name=\"description\" content=\"Projetos que combinam estrat\u00e9gia, UX\/UI e inova\u00e7\u00e3o para gerar resultados concretos em apps e plataformas. Explore e descubra como solu\u00e7\u00f5es criativas podem impulsionar marcas e conectar pessoas.\" \/>\n<meta name=\"robots\" content=\"index, follow, max-snippet:-1, max-image-preview:large, max-video-preview:-1\" \/>\n<link rel=\"canonical\" href=\"https:\/\/www.alexandre-rocha.com\/en\/cases\/\" \/>\n<meta property=\"og:locale\" content=\"en_US\" \/>\n<meta property=\"og:type\" content=\"article\" \/>\n<meta property=\"og:title\" content=\"Cases - Como transformei neg\u00f3cios e experi\u00eancias digitais\" \/>\n<meta property=\"og:description\" content=\"Projetos que combinam estrat\u00e9gia, UX\/UI e inova\u00e7\u00e3o para gerar resultados concretos em apps e plataformas. Explore e descubra como solu\u00e7\u00f5es criativas podem impulsionar marcas e conectar pessoas.\" \/>\n<meta property=\"og:url\" content=\"https:\/\/www.alexandre-rocha.com\/en\/cases\/\" \/>\n<meta property=\"og:site_name\" content=\"Alexandre Rocha\" \/>\n<meta property=\"article:modified_time\" content=\"2026-03-27T16:09:55+00:00\" \/>\n<meta property=\"og:image\" content=\"https:\/\/www.alexandre-rocha.com\/wp-content\/uploads\/2025\/10\/Clientes_Logos_10.png\" \/>\n\t<meta property=\"og:image:width\" content=\"360\" \/>\n\t<meta property=\"og:image:height\" content=\"270\" \/>\n\t<meta property=\"og:image:type\" content=\"image\/png\" \/>\n<meta name=\"twitter:card\" content=\"summary_large_image\" \/>\n<meta name=\"twitter:label1\" content=\"Est. reading time\" \/>\n\t<meta name=\"twitter:data1\" content=\"1 minute\" \/>\n<script type=\"application\/ld+json\" class=\"yoast-schema-graph\">{\"@context\":\"https:\/\/schema.org\",\"@graph\":[{\"@type\":\"WebPage\",\"@id\":\"https:\/\/www.alexandre-rocha.com\/cases\/\",\"url\":\"https:\/\/www.alexandre-rocha.com\/cases\/\",\"name\":\"Cases - Como transformei neg\u00f3cios e experi\u00eancias digitais\",\"isPartOf\":{\"@id\":\"https:\/\/www.alexandre-rocha.com\/#website\"},\"primaryImageOfPage\":{\"@id\":\"https:\/\/www.alexandre-rocha.com\/cases\/#primaryimage\"},\"image\":{\"@id\":\"https:\/\/www.alexandre-rocha.com\/cases\/#primaryimage\"},\"thumbnailUrl\":\"https:\/\/alexandre-rocha.com\/wp-content\/uploads\/2025\/10\/Clientes_Logos_10.png\",\"datePublished\":\"2025-10-29T12:36:01+00:00\",\"dateModified\":\"2026-03-27T16:09:55+00:00\",\"description\":\"Projetos que combinam estrat\u00e9gia, UX\/UI e inova\u00e7\u00e3o para gerar resultados concretos em apps e plataformas. Explore e descubra como solu\u00e7\u00f5es criativas podem impulsionar marcas e conectar pessoas.\",\"breadcrumb\":{\"@id\":\"https:\/\/www.alexandre-rocha.com\/cases\/#breadcrumb\"},\"inLanguage\":\"en-US\",\"potentialAction\":[{\"@type\":\"ReadAction\",\"target\":[\"https:\/\/www.alexandre-rocha.com\/cases\/\"]}]},{\"@type\":\"ImageObject\",\"inLanguage\":\"en-US\",\"@id\":\"https:\/\/www.alexandre-rocha.com\/cases\/#primaryimage\",\"url\":\"https:\/\/alexandre-rocha.com\/wp-content\/uploads\/2025\/10\/Clientes_Logos_10.png\",\"contentUrl\":\"https:\/\/alexandre-rocha.com\/wp-content\/uploads\/2025\/10\/Clientes_Logos_10.png\"},{\"@type\":\"BreadcrumbList\",\"@id\":\"https:\/\/www.alexandre-rocha.com\/cases\/#breadcrumb\",\"itemListElement\":[{\"@type\":\"ListItem\",\"position\":1,\"name\":\"In\u00edcio\",\"item\":\"https:\/\/www.alexandre-rocha.com\/\"},{\"@type\":\"ListItem\",\"position\":2,\"name\":\"Cases\"}]},{\"@type\":\"WebSite\",\"@id\":\"https:\/\/www.alexandre-rocha.com\/#website\",\"url\":\"https:\/\/www.alexandre-rocha.com\/\",\"name\":\"Alexandre Rocha\",\"description\":\"UX\/UI Designer\",\"publisher\":{\"@id\":\"https:\/\/www.alexandre-rocha.com\/#organization\"},\"potentialAction\":[{\"@type\":\"SearchAction\",\"target\":{\"@type\":\"EntryPoint\",\"urlTemplate\":\"https:\/\/www.alexandre-rocha.com\/?s={search_term_string}\"},\"query-input\":{\"@type\":\"PropertyValueSpecification\",\"valueRequired\":true,\"valueName\":\"search_term_string\"}}],\"inLanguage\":\"en-US\"},{\"@type\":\"Organization\",\"@id\":\"https:\/\/www.alexandre-rocha.com\/#organization\",\"name\":\"Alexandre Rocha\",\"url\":\"https:\/\/www.alexandre-rocha.com\/\",\"logo\":{\"@type\":\"ImageObject\",\"inLanguage\":\"en-US\",\"@id\":\"https:\/\/www.alexandre-rocha.com\/#\/schema\/logo\/image\/\",\"url\":\"https:\/\/www.alexandre-rocha.com\/wp-content\/uploads\/2025\/11\/LinkedIn-Page-Alexandre-Rocha-Avatar.png\",\"contentUrl\":\"https:\/\/www.alexandre-rocha.com\/wp-content\/uploads\/2025\/11\/LinkedIn-Page-Alexandre-Rocha-Avatar.png\",\"width\":400,\"height\":400,\"caption\":\"Alexandre Rocha\"},\"image\":{\"@id\":\"https:\/\/www.alexandre-rocha.com\/#\/schema\/logo\/image\/\"}}]}<\/script>\n<!-- \/ Yoast SEO plugin. -->","yoast_head_json":{"title":"Cases - Como transformei neg\u00f3cios e experi\u00eancias digitais","description":"Projetos que combinam estrat\u00e9gia, UX\/UI e inova\u00e7\u00e3o para gerar resultados concretos em apps e plataformas. Explore e descubra como solu\u00e7\u00f5es criativas podem impulsionar marcas e conectar pessoas.","robots":{"index":"index","follow":"follow","max-snippet":"max-snippet:-1","max-image-preview":"max-image-preview:large","max-video-preview":"max-video-preview:-1"},"canonical":"https:\/\/www.alexandre-rocha.com\/en\/cases\/","og_locale":"en_US","og_type":"article","og_title":"Cases - Como transformei neg\u00f3cios e experi\u00eancias digitais","og_description":"Projetos que combinam estrat\u00e9gia, UX\/UI e inova\u00e7\u00e3o para gerar resultados concretos em apps e plataformas. Explore e descubra como solu\u00e7\u00f5es criativas podem impulsionar marcas e conectar pessoas.","og_url":"https:\/\/www.alexandre-rocha.com\/en\/cases\/","og_site_name":"Alexandre Rocha","article_modified_time":"2026-03-27T16:09:55+00:00","og_image":[{"width":360,"height":270,"url":"https:\/\/www.alexandre-rocha.com\/wp-content\/uploads\/2025\/10\/Clientes_Logos_10.png","type":"image\/png"}],"twitter_card":"summary_large_image","twitter_misc":{"Est. reading time":"1 minute"},"schema":{"@context":"https:\/\/schema.org","@graph":[{"@type":"WebPage","@id":"https:\/\/www.alexandre-rocha.com\/cases\/","url":"https:\/\/www.alexandre-rocha.com\/cases\/","name":"Cases - Como transformei neg\u00f3cios e experi\u00eancias digitais","isPartOf":{"@id":"https:\/\/www.alexandre-rocha.com\/#website"},"primaryImageOfPage":{"@id":"https:\/\/www.alexandre-rocha.com\/cases\/#primaryimage"},"image":{"@id":"https:\/\/www.alexandre-rocha.com\/cases\/#primaryimage"},"thumbnailUrl":"https:\/\/alexandre-rocha.com\/wp-content\/uploads\/2025\/10\/Clientes_Logos_10.png","datePublished":"2025-10-29T12:36:01+00:00","dateModified":"2026-03-27T16:09:55+00:00","description":"Projetos que combinam estrat\u00e9gia, UX\/UI e inova\u00e7\u00e3o para gerar resultados concretos em apps e plataformas. Explore e descubra como solu\u00e7\u00f5es criativas podem impulsionar marcas e conectar pessoas.","breadcrumb":{"@id":"https:\/\/www.alexandre-rocha.com\/cases\/#breadcrumb"},"inLanguage":"en-US","potentialAction":[{"@type":"ReadAction","target":["https:\/\/www.alexandre-rocha.com\/cases\/"]}]},{"@type":"ImageObject","inLanguage":"en-US","@id":"https:\/\/www.alexandre-rocha.com\/cases\/#primaryimage","url":"https:\/\/alexandre-rocha.com\/wp-content\/uploads\/2025\/10\/Clientes_Logos_10.png","contentUrl":"https:\/\/alexandre-rocha.com\/wp-content\/uploads\/2025\/10\/Clientes_Logos_10.png"},{"@type":"BreadcrumbList","@id":"https:\/\/www.alexandre-rocha.com\/cases\/#breadcrumb","itemListElement":[{"@type":"ListItem","position":1,"name":"In\u00edcio","item":"https:\/\/www.alexandre-rocha.com\/"},{"@type":"ListItem","position":2,"name":"Cases"}]},{"@type":"WebSite","@id":"https:\/\/www.alexandre-rocha.com\/#website","url":"https:\/\/www.alexandre-rocha.com\/","name":"Alexandre Rocha","description":"UX\/UI Designer,","publisher":{"@id":"https:\/\/www.alexandre-rocha.com\/#organization"},"potentialAction":[{"@type":"SearchAction","target":{"@type":"EntryPoint","urlTemplate":"https:\/\/www.alexandre-rocha.com\/?s={search_term_string}"},"query-input":{"@type":"PropertyValueSpecification","valueRequired":true,"valueName":"search_term_string"}}],"inLanguage":"en-US"},{"@type":"Organization","@id":"https:\/\/www.alexandre-rocha.com\/#organization","name":"Alexandre Rocha","url":"https:\/\/www.alexandre-rocha.com\/","logo":{"@type":"ImageObject","inLanguage":"en-US","@id":"https:\/\/www.alexandre-rocha.com\/#\/schema\/logo\/image\/","url":"https:\/\/www.alexandre-rocha.com\/wp-content\/uploads\/2025\/11\/LinkedIn-Page-Alexandre-Rocha-Avatar.png","contentUrl":"https:\/\/www.alexandre-rocha.com\/wp-content\/uploads\/2025\/11\/LinkedIn-Page-Alexandre-Rocha-Avatar.png","width":400,"height":400,"caption":"Alexandre Rocha"},"image":{"@id":"https:\/\/www.alexandre-rocha.com\/#\/schema\/logo\/image\/"}}]}},"_links":{"self":[{"href":"https:\/\/www.alexandre-rocha.com\/en\/wp-json\/wp\/v2\/pages\/68","targetHints":{"allow":["GET"]}}],"collection":[{"href":"https:\/\/www.alexandre-rocha.com\/en\/wp-json\/wp\/v2\/pages"}],"about":[{"href":"https:\/\/www.alexandre-rocha.com\/en\/wp-json\/wp\/v2\/types\/page"}],"author":[{"embeddable":true,"href":"https:\/\/www.alexandre-rocha.com\/en\/wp-json\/wp\/v2\/users\/1"}],"replies":[{"embeddable":true,"href":"https:\/\/www.alexandre-rocha.com\/en\/wp-json\/wp\/v2\/comments?post=68"}],"version-history":[{"count":22,"href":"https:\/\/www.alexandre-rocha.com\/en\/wp-json\/wp\/v2\/pages\/68\/revisions"}],"predecessor-version":[{"id":720,"href":"https:\/\/www.alexandre-rocha.com\/en\/wp-json\/wp\/v2\/pages\/68\/revisions\/720"}],"wp:attachment":[{"href":"https:\/\/www.alexandre-rocha.com\/en\/wp-json\/wp\/v2\/media?parent=68"}],"curies":[{"name":"wp","href":"https:\/\/api.w.org\/{rel}","templated":true}]}}